{"id":414,"date":"2025-07-30T08:35:30","date_gmt":"2025-07-30T08:35:30","guid":{"rendered":"https:\/\/lafinafloristeria.com\/?page_id=414"},"modified":"2026-02-12T18:19:34","modified_gmt":"2026-02-12T18:19:34","slug":"contacto","status":"publish","type":"page","link":"https:\/\/lafinafloristeria.com\/en\/contacto\/","title":{"rendered":"Contact"},"content":{"rendered":"<div data-elementor-type=\"wp-page\" data-elementor-id=\"414\" class=\"elementor elementor-414\">\n\t\t\t\t<div class=\"elementor-element elementor-element-1432f739 e-con-full e-flex e-con e-parent\" data-id=\"1432f739\" data-element_type=\"container\" data-e-type=\"container\" data-settings=\"{&quot;background_background&quot;:&quot;classic&quot;}\">\n\t\t<div class=\"elementor-element elementor-element-6815c6f0 e-con-full e-flex e-con e-child\" data-id=\"6815c6f0\" data-element_type=\"container\" data-e-type=\"container\">\n\t\t\t\t<div class=\"elementor-element elementor-element-669fa0c elementor-widget elementor-widget-heading\" data-id=\"669fa0c\" data-element_type=\"widget\" data-e-type=\"widget\" data-widget_type=\"heading.default\">\n\t\t\t\t\t<h1 class=\"elementor-heading-title elementor-size-default translation-block\">Send us a message<\/h1>\t\t\t\t<\/div>\n\t\t\t\t<div class=\"elementor-element elementor-element-657a60a1 elementor-invisible elementor-widget elementor-widget-text-editor\" data-id=\"657a60a1\" data-element_type=\"widget\" data-e-type=\"widget\" data-settings=\"{&quot;_animation&quot;:&quot;fadeIn&quot;}\" data-widget_type=\"text-editor.default\">\n\t\t\t\t\t\t\t\t\t<p>If you would like to enquire about an order, request floral advice or resolve any queries, please write to us or give us a call.<\/p><p>We adapt to different budgets and work with a wide variety of styles, from more classic compositions to more contemporary designs.<\/p><p>We will respond as soon as possible.<\/p>\t\t\t\t\t\t\t\t<\/div>\n\t\t<div class=\"elementor-element elementor-element-42ad816 e-con-full e-flex e-con e-child\" data-id=\"42ad816\" data-element_type=\"container\" data-e-type=\"container\">\n\t\t\t\t<div class=\"elementor-element elementor-element-39cd1bf fluentform-widget-submit-button-custom elementor-widget elementor-widget-fluent-form-widget\" data-id=\"39cd1bf\" data-element_type=\"widget\" data-e-type=\"widget\" data-widget_type=\"fluent-form-widget.default\">\n\t\t\t\t<div class=\"elementor-widget-container\">\n\t\t\t\t\t\n            <div class=\"fluentform-widget-wrapper fluentform-widget-align-default\">\n\n            \n            <div class='fluentform ff-default fluentform_wrapper_3 ffs_default_wrap'><form data-form_id=\"3\" id=\"fluentform_3\" class=\"frm-fluent-form fluent_form_3 ff-el-form-top ff_form_instance_3_1 ff-form-loading ffs_default\" data-form_instance=\"ff_form_instance_3_1\" method=\"POST\" action=\"\" ><fieldset  style=\"border: none!important;margin: 0!important;padding: 0!important;background-color: transparent!important;box-shadow: none!important;outline: none!important; min-inline-size: 100%;\">\n                    <legend class=\"ff_screen_reader_title\" style=\"display: block; margin: 0!important;padding: 0!important;height: 0!important;text-indent: -999999px;width: 0!important;overflow:hidden;\">Gmail<\/legend><input type='hidden' name='__fluent_form_embded_post_id' value='414' \/><input type=\"hidden\" id=\"_fluentform_3_fluentformnonce\" name=\"_fluentform_3_fluentformnonce\" value=\"c974ee8668\" \/><input type=\"hidden\" name=\"_wp_http_referer\" value=\"\/en\/wp-json\/wp\/v2\/pages\/414\" \/><div data-type=\"name-element\" data-name=\"names\" class=\"ff-field_container ff-name-field-wrapper\" ><div class='ff-t-container'><div class='ff-t-cell'><div class='ff-el-group ff-el-form-top'><div class=\"ff-el-input--label asterisk-right\"><label for='ff_3_names_first_name_' id='label_ff_3_names_first_name_' >Name<\/label><\/div><div class='ff-el-input--content'><input type=\"text\" name=\"names[first_name]\" id=\"ff_3_names_first_name_\" class=\"ff-el-form-control\" placeholder=\"Name\" aria-invalid=\"false\" aria-required=\"false\"><\/div><\/div><\/div><div class='ff-t-cell'><div class='ff-el-group ff-el-form-top'><div class=\"ff-el-input--label asterisk-right\"><label for='ff_3_names_last_name_' id='label_ff_3_names_last_name_' >Last name<\/label><\/div><div class='ff-el-input--content'><input type=\"text\" name=\"names[last_name]\" id=\"ff_3_names_last_name_\" class=\"ff-el-form-control\" placeholder=\"Last name\" aria-invalid=\"false\" aria-required=\"false\"><\/div><\/div><\/div><\/div><\/div><div class='ff-el-group'><div class=\"ff-el-input--label asterisk-right\"><label for='ff_3_email' id='label_ff_3_email' aria-label=\"Correo electr\u00f3nico\">Correo electr\u00f3nico<\/label><\/div><div class='ff-el-input--content'><input type=\"email\" name=\"email\" id=\"ff_3_email\" class=\"ff-el-form-control\" placeholder=\"Email\" data-name=\"email\"  aria-invalid=\"false\" aria-required=\"false\"><\/div><\/div><div class='ff-el-group'><div class=\"ff-el-input--label asterisk-right\"><label for='ff_3_description' id='label_ff_3_description' aria-label=\"Commentary\">Commentary<\/label><\/div><div class='ff-el-input--content'><textarea aria-required=\"false\" aria-labelledby=\"label_ff_3_description\" name=\"description\" id=\"ff_3_description\" class=\"ff-el-form-control\" rows=\"3\" cols=\"2\" data-name=\"description\" ><\/textarea><\/div><\/div><div class='ff-el-group ff-text-left ff_submit_btn_wrapper'><button type=\"submit\" class=\"ff-btn ff-btn-submit ff-btn-md ff_btn_style\"  aria-label=\"Send\">Send<\/button><\/div><\/fieldset><input type=\"hidden\" name=\"trp-form-language\" value=\"en\"\/><\/form><div id='fluentform_3_errors' class='ff-errors-in-stack ff_form_instance_3_1 ff-form-loading_errors ff_form_instance_3_1_errors'><\/div><\/div>            <script type=\"text\/javascript\">\n                window.fluent_form_ff_form_instance_3_1 = {\"id\":\"3\",\"ajaxUrl\":\"https:\\\/\\\/lafinafloristeria.com\\\/wp-admin\\\/admin-ajax.php\",\"settings\":{\"layout\":{\"labelPlacement\":\"top\",\"asteriskPlacement\":\"asterisk-right\",\"helpMessagePlacement\":\"with_label\",\"errorMessagePlacement\":\"inline\",\"cssClassName\":\"\"},\"restrictions\":{\"denyEmptySubmission\":{\"enabled\":false}}},\"form_instance\":\"ff_form_instance_3_1\",\"form_id_selector\":\"fluentform_3\",\"rules\":{\"names[first_name]\":{\"required\":{\"value\":false,\"message\":\"Este campo es obligatorio\",\"global_message\":\"Este campo es obligatorio\",\"global\":true}},\"names[middle_name]\":{\"required\":{\"value\":false,\"message\":\"Este campo es obligatorio\",\"global_message\":\"Este campo es obligatorio\",\"global\":true}},\"names[last_name]\":{\"required\":{\"value\":false,\"message\":\"Este campo es obligatorio\",\"global_message\":\"Este campo es obligatorio\",\"global\":true}},\"email\":{\"required\":{\"value\":false,\"message\":\"Este campo es obligatorio\",\"global_message\":\"Este campo es obligatorio\",\"global\":true},\"email\":{\"value\":true,\"message\":\"Este campo debe contener un correo electr\\u00f3nico v\\u00e1lido\",\"global_message\":\"Este campo debe contener un correo electr\\u00f3nico v\\u00e1lido\",\"global\":true}},\"description\":{\"required\":{\"value\":false,\"message\":\"Este campo es obligatorio\",\"global_message\":\"Este campo es obligatorio\",\"global\":true}}},\"debounce_time\":300};\n                            <\/script>\n                        <\/div>\n\n            \t\t\t\t<\/div>\n\t\t\t\t<\/div>\n\t\t\t\t<\/div>\n\t\t\t\t<\/div>\n\t\t<div class=\"elementor-element elementor-element-05f4510 e-flex e-con-boxed e-con e-child\" data-id=\"05f4510\" data-element_type=\"container\" data-e-type=\"container\">\n\t\t\t\t\t<div class=\"e-con-inner\">\n\t\t\t\t<div class=\"elementor-element elementor-element-5e1975a elementor-widget elementor-widget-html\" data-id=\"5e1975a\" data-element_type=\"widget\" data-e-type=\"widget\" data-widget_type=\"html.default\">\n\t\t\t\t\t<div class=\"contacto-info\">\r\n\r\n    <!-- Direcci\u00f3n -->\r\n    <div class=\"direccion\">\r\n        <h3>Direction<\/h3>\r\n        <p>Calle Mayor, 222<br>30820 Alcantarilla, Murcia<\/p>\r\n        <p class=\"telefono\">\u260e 968 89 27 12<\/p>\r\n    <\/div>\r\n\r\n    <!-- Horario -->\r\n    <div class=\"horario\">\r\n        <h3>Schedule<\/h3>\r\n\r\n        <div class=\"horario-linea\">\r\n            <span class=\"dia\">Monday<\/span>\r\n            <span class=\"horas\">09:30 - 14:00 \/ 17:00 - 21:00<\/span>\r\n        <\/div>\r\n\r\n        <div class=\"horario-linea\">\r\n            <span class=\"dia\">Tuesday<\/span>\r\n            <span class=\"horas\">09:30 - 14:00 \/ 17:00 - 21:00<\/span>\r\n        <\/div>\r\n\r\n        <div class=\"horario-linea\">\r\n            <span class=\"dia\">Mi\u00e9rcoles<\/span>\r\n            <span class=\"horas\">09:30 - 14:00 \/ 17:00 - 21:00<\/span>\r\n        <\/div>\r\n\r\n        <div class=\"horario-linea\">\r\n            <span class=\"dia\">Thrusday<\/span>\r\n            <span class=\"horas\">09:30 - 14:00 \/ 17:00 - 21:00<\/span>\r\n        <\/div>\r\n\r\n        <div class=\"horario-linea\">\r\n            <span class=\"dia\">Friday<\/span>\r\n            <span class=\"horas\">09:30 - 14:00 \/ 17:00 - 21:00<\/span>\r\n        <\/div>\r\n         <div class=\"horario-linea\">\r\n            <span class=\"dia\">Sabados y festivos<\/span>\r\n            <span class=\"horas\">09:30 - 14:00<\/span>\r\n        <\/div>\r\n    <\/div>\r\n\r\n<\/div>\r\n<style>\/* Contenedor derecho (Direcci\u00f3n + Horario) *\/\r\n.contacto-info {\r\n    max-width: 320px;\r\n}\r\n\r\n\/* T\u00edtulos *\/\r\n.contacto-info h3 {\r\n    color: #fcce1d;\r\n    font-size: 2rem;\r\n    margin-bottom: 12px;\r\n}\r\n\r\n\/* Direcci\u00f3n *\/\r\n.direccion p {\r\n    margin-bottom: 6px;\r\n    font-size: 1.3rem;\r\n}\r\n\r\n.direccion .telefono {\r\n    margin-top: 6px;\r\n    font-weight: bold;\r\n}\r\n\r\n\/* Horario *\/\r\n.horario {\r\n    margin-top: 20px;\r\n}\r\n\r\n.horario-linea {\r\n    display: flex;\r\n    justify-content: space-between;\r\n    align-items: center;\r\n    gap: 10px;\r\n    font-size: 1.3rem;\r\n    margin-bottom: 6px;\r\n    white-space: nowrap;\r\n}\r\n\r\n.horario-linea .dia {\r\n    flex-shrink: 0;\r\n}\r\n\r\n.horario-linea .horas {\r\n    text-align: right;\r\n}\r\n<\/style>\t\t\t\t<\/div>\n\t\t\t\t\t<\/div>\n\t\t\t\t<\/div>\n\t\t\t\t<\/div>\n\t\t\t\t<\/div>","protected":false},"excerpt":{"rendered":"<p>Envianos un mensaje Si quieres consultarnos un encargo, pedir asesoramiento floral o resolver cualquier duda, puedes escribirnos o llamarnos. Nos adaptamos a distintos presupuestos y trabajamos con una amplia variedad de estilos, desde composiciones m\u00e1s cl\u00e1sicas hasta propuestas de car\u00e1cter m\u00e1s contempor\u00e1neo. Te responderemos lo antes posible. Gmail NombreApellidosCorreo electr\u00f3nicoComentarioEnviar Direcci\u00f3n Calle Mayor, 22230820 Alcantarilla, [&hellip;]<\/p>","protected":false},"author":2,"featured_media":0,"parent":0,"menu_order":0,"comment_status":"closed","ping_status":"closed","template":"","meta":{"footnotes":""},"class_list":["post-414","page","type-page","status-publish","hentry"],"_links":{"self":[{"href":"https:\/\/lafinafloristeria.com\/en\/wp-json\/wp\/v2\/pages\/414","targetHints":{"allow":["GET"]}}],"collection":[{"href":"https:\/\/lafinafloristeria.com\/en\/wp-json\/wp\/v2\/pages"}],"about":[{"href":"https:\/\/lafinafloristeria.com\/en\/wp-json\/wp\/v2\/types\/page"}],"author":[{"embeddable":true,"href":"https:\/\/lafinafloristeria.com\/en\/wp-json\/wp\/v2\/users\/2"}],"replies":[{"embeddable":true,"href":"https:\/\/lafinafloristeria.com\/en\/wp-json\/wp\/v2\/comments?post=414"}],"version-history":[{"count":163,"href":"https:\/\/lafinafloristeria.com\/en\/wp-json\/wp\/v2\/pages\/414\/revisions"}],"predecessor-version":[{"id":6932,"href":"https:\/\/lafinafloristeria.com\/en\/wp-json\/wp\/v2\/pages\/414\/revisions\/6932"}],"wp:attachment":[{"href":"https:\/\/lafinafloristeria.com\/en\/wp-json\/wp\/v2\/media?parent=414"}],"curies":[{"name":"wp","href":"https:\/\/api.w.org\/{rel}","templated":true}]}}